{"id":3428,"date":"2025-10-06T14:43:13","date_gmt":"2025-10-06T12:43:13","guid":{"rendered":"https:\/\/fumeresto.ee\/yhteys\/"},"modified":"2026-04-21T10:15:59","modified_gmt":"2026-04-21T08:15:59","slug":"yhteys","status":"publish","type":"page","link":"https:\/\/fumeresto.ee\/fi\/yhteys\/","title":{"rendered":"Yhteys"},"content":{"rendered":"\t\t<div data-elementor-type=\"wp-page\" data-elementor-id=\"3428\" class=\"elementor elementor-3428 elementor-2636\">\n\t\t\t\t\t\t<section class=\"elementor-section elementor-top-section elementor-element elementor-element-c413143 elementor-section-full_width elementor-section-height-default elementor-section-height-default\" data-id=\"c413143\" data-element_type=\"section\" data-e-type=\"section\">\n\t\t\t\t\t\t<div class=\"elementor-container elementor-column-gap-no\">\n\t\t\t\t\t<div class=\"elementor-column elementor-col-100 elementor-top-column elementor-element elementor-element-be89dca\" data-id=\"be89dca\" data-element_type=\"column\" data-e-type=\"column\">\n\t\t\t<div class=\"elementor-widget-wrap elementor-element-populated\">\n\t\t\t\t\t\t<section class=\"elementor-section elementor-inner-section elementor-element elementor-element-64788e3 elementor-section-full_width elementor-section-height-default elementor-section-height-default\" data-id=\"64788e3\" data-element_type=\"section\" data-e-type=\"section\">\n\t\t\t\t\t\t<div class=\"elementor-container elementor-column-gap-no\">\n\t\t\t\t\t<div class=\"elementor-column elementor-col-100 elementor-inner-column elementor-element elementor-element-bd3908c\" data-id=\"bd3908c\" data-element_type=\"column\" data-e-type=\"column\">\n\t\t\t<div class=\"elementor-widget-wrap elementor-element-populated\">\n\t\t\t\t\t\t<div class=\"elementor-element elementor-element-aed618e elementor-widget elementor-widget-heading\" data-id=\"aed618e\" data-element_type=\"widget\" data-e-type=\"widget\" data-widget_type=\"heading.default\">\n\t\t\t\t<div class=\"elementor-widget-container\">\n\t\t\t\t\t<h1 class=\"elementor-heading-title elementor-size-default\">FUME-ravintola sijaitsee Rotermannin korttelissa Golden Gate -rakennuksessa.<\/h1>\t\t\t\t<\/div>\n\t\t\t\t<\/div>\n\t\t\t\t<div class=\"elementor-element elementor-element-3678a5f elementor-widget elementor-widget-heading\" data-id=\"3678a5f\" data-element_type=\"widget\" data-e-type=\"widget\" data-widget_type=\"heading.default\">\n\t\t\t\t<div class=\"elementor-widget-container\">\n\t\t\t\t\t<h5 class=\"elementor-heading-title elementor-size-default\">Rotermannin kortteli on Tallinnan syd\u00e4n, ja ravintolaamme on helppo saapua niin jalan, joukkoliikenteell\u00e4 kuin autollakin. Golden Gate -rakennuksen alla sijaitsee my\u00f6s Europarkin pys\u00e4k\u00f6intihalli, josta on suora p\u00e4\u00e4sy ravintolan ovelle.<\/h5>\t\t\t\t<\/div>\n\t\t\t\t<\/div>\n\t\t\t\t\t<\/div>\n\t\t<\/div>\n\t\t\t\t\t<\/div>\n\t\t<\/section>\n\t\t\t\t<section class=\"elementor-section elementor-inner-section elementor-element elementor-element-c8a9425 elementor-section-full_width elementor-reverse-mobile elementor-section-height-default elementor-section-height-default\" data-id=\"c8a9425\" data-element_type=\"section\" data-e-type=\"section\">\n\t\t\t\t\t\t<div class=\"elementor-container elementor-column-gap-no\">\n\t\t\t\t\t<div class=\"elementor-column elementor-col-33 elementor-inner-column elementor-element elementor-element-ee3665e\" data-id=\"ee3665e\" data-element_type=\"column\" data-e-type=\"column\">\n\t\t\t<div class=\"elementor-widget-wrap elementor-element-populated\">\n\t\t\t\t\t\t<div class=\"elementor-element elementor-element-c535897 elementor-widget elementor-widget-heading\" data-id=\"c535897\" data-element_type=\"widget\" data-e-type=\"widget\" data-widget_type=\"heading.default\">\n\t\t\t\t<div class=\"elementor-widget-container\">\n\t\t\t\t\t<h4 class=\"elementor-heading-title elementor-size-default\">Tule tervehtim\u00e4\u00e4n ja anna meid\u00e4n huolehtia lopusta<\/h4>\t\t\t\t<\/div>\n\t\t\t\t<\/div>\n\t\t\t\t\t<\/div>\n\t\t<\/div>\n\t\t\t\t<div class=\"elementor-column elementor-col-66 elementor-inner-column elementor-element elementor-element-285ccd7\" data-id=\"285ccd7\" data-element_type=\"column\" data-e-type=\"column\">\n\t\t\t<div class=\"elementor-widget-wrap elementor-element-populated\">\n\t\t\t\t\t\t<div class=\"elementor-element elementor-element-5a5c481 elementor-widget elementor-widget-image\" data-id=\"5a5c481\" data-element_type=\"widget\" data-e-type=\"widget\" data-widget_type=\"image.default\">\n\t\t\t\t<div class=\"elementor-widget-container\">\n\t\t\t\t\t\t\t\t\t\t\t\t\t\t\t<img fetchpriority=\"high\" decoding=\"async\" width=\"1500\" height=\"900\" src=\"https:\/\/fumeresto.ee\/wp-content\/uploads\/2025\/10\/FUME-restoran-kontakt.png\" class=\"attachment-full size-full wp-image-3429\" alt=\"\" srcset=\"https:\/\/fumeresto.ee\/wp-content\/uploads\/2025\/10\/FUME-restoran-kontakt.png 1500w, https:\/\/fumeresto.ee\/wp-content\/uploads\/2025\/10\/FUME-restoran-kontakt-300x180.png 300w, https:\/\/fumeresto.ee\/wp-content\/uploads\/2025\/10\/FUME-restoran-kontakt-1024x614.png 1024w, https:\/\/fumeresto.ee\/wp-content\/uploads\/2025\/10\/FUME-restoran-kontakt-768x461.png 768w\" sizes=\"(max-width: 1500px) 100vw, 1500px\" \/>\t\t\t\t\t\t\t\t\t\t\t\t\t\t\t<\/div>\n\t\t\t\t<\/div>\n\t\t\t\t\t<\/div>\n\t\t<\/div>\n\t\t\t\t\t<\/div>\n\t\t<\/section>\n\t\t\t\t<div class=\"elementor-element elementor-element-3a9834e elementor-hidden-desktop elementor-hidden-tablet elementor-hidden-mobile elementor-widget elementor-widget-image\" data-id=\"3a9834e\" data-element_type=\"widget\" data-e-type=\"widget\" data-widget_type=\"image.default\">\n\t\t\t\t<div class=\"elementor-widget-container\">\n\t\t\t\t\t\t\t\t\t\t\t\t\t\t\t<img fetchpriority=\"high\" decoding=\"async\" width=\"1500\" height=\"900\" src=\"https:\/\/fumeresto.ee\/wp-content\/uploads\/2025\/10\/FUME-restoran-kontakt.png\" class=\"attachment-full size-full wp-image-3429\" alt=\"\" srcset=\"https:\/\/fumeresto.ee\/wp-content\/uploads\/2025\/10\/FUME-restoran-kontakt.png 1500w, https:\/\/fumeresto.ee\/wp-content\/uploads\/2025\/10\/FUME-restoran-kontakt-300x180.png 300w, https:\/\/fumeresto.ee\/wp-content\/uploads\/2025\/10\/FUME-restoran-kontakt-1024x614.png 1024w, https:\/\/fumeresto.ee\/wp-content\/uploads\/2025\/10\/FUME-restoran-kontakt-768x461.png 768w\" sizes=\"(max-width: 1500px) 100vw, 1500px\" \/>\t\t\t\t\t\t\t\t\t\t\t\t\t\t\t<\/div>\n\t\t\t\t<\/div>\n\t\t\t\t<section class=\"elementor-section elementor-inner-section elementor-element elementor-element-b571c10 elementor-section-full_width elementor-reverse-mobile elementor-section-height-default elementor-section-height-default\" data-id=\"b571c10\" data-element_type=\"section\" data-e-type=\"section\">\n\t\t\t\t\t\t<div class=\"elementor-container elementor-column-gap-no\">\n\t\t\t\t\t<div class=\"elementor-column elementor-col-50 elementor-inner-column elementor-element elementor-element-0ded080\" data-id=\"0ded080\" data-element_type=\"column\" data-e-type=\"column\">\n\t\t\t<div class=\"elementor-widget-wrap elementor-element-populated\">\n\t\t\t\t\t\t<div class=\"elementor-element elementor-element-f50b9e9 elementor-widget elementor-widget-text-editor\" data-id=\"f50b9e9\" data-element_type=\"widget\" data-e-type=\"widget\" data-widget_type=\"text-editor.default\">\n\t\t\t\t<div class=\"elementor-widget-container\">\n\t\t\t\t\t\t\t\t\t<p data-start=\"442\" data-end=\"526\">FUME ON AVOINNA<br data-start=\"461\" data-end=\"464\" \/>Sunnuntai\u2013torstai 12.00\u201323.00<br data-start=\"493\" data-end=\"496\" \/>Perjantai\u2013lauantai 12.00\u201300.00<\/p>\n<p><\/p>\n<p data-start=\"528\" data-end=\"588\"><a class=\"decorated-link cursor-pointer\" rel=\"noopener\" data-start=\"528\" data-end=\"545\">fume@fumeresto.ee<\/a><br data-start=\"545\" data-end=\"548\" \/>+372 5558 9880<br data-start=\"562\" data-end=\"565\" \/>Ahtri 6, 10151 Tallinna<\/p>\n<p><\/p>\n<p data-start=\"590\" data-end=\"605\"><span style=\"text-decoration: underline;\"><a href=\"https:\/\/book.dinnerbooking.com\/ee\/en-US\/book\/index\/4137\/2\" target=\"_blank\" rel=\"noopener\">VARAA P\u00d6YT\u00c4<\/a><\/span><\/p>\n\t\t\t\t\t\t\t\t<\/div>\n\t\t\t\t<\/div>\n\t\t\t\t\t<\/div>\n\t\t<\/div>\n\t\t\t\t<div class=\"elementor-column elementor-col-50 elementor-inner-column elementor-element elementor-element-8c0c99a\" data-id=\"8c0c99a\" data-element_type=\"column\" data-e-type=\"column\">\n\t\t\t<div class=\"elementor-widget-wrap elementor-element-populated\">\n\t\t\t\t\t\t<div class=\"elementor-element elementor-element-1a5fc26 elementor-widget elementor-widget-google_maps\" data-id=\"1a5fc26\" data-element_type=\"widget\" data-e-type=\"widget\" data-widget_type=\"google_maps.default\">\n\t\t\t\t<div class=\"elementor-widget-container\">\n\t\t\t\t\t\t\t<div class=\"elementor-custom-embed\">\n\t\t\t<iframe loading=\"lazy\"\n\t\t\t\t\tsrc=\"https:\/\/maps.google.com\/maps?q=FUME%20Restoran&#038;t=m&#038;z=16&#038;output=embed&#038;iwloc=near\"\n\t\t\t\t\ttitle=\"FUME Restoran\"\n\t\t\t\t\taria-label=\"FUME Restoran\"\n\t\t\t><\/iframe>\n\t\t<\/div>\n\t\t\t\t\t\t<\/div>\n\t\t\t\t<\/div>\n\t\t\t\t\t<\/div>\n\t\t<\/div>\n\t\t\t\t\t<\/div>\n\t\t<\/section>\n\t\t\t\t<section class=\"elementor-section elementor-inner-section elementor-element elementor-element-45c6586 elementor-section-full_width elementor-hidden-desktop elementor-hidden-tablet elementor-hidden-mobile elementor-section-height-default elementor-section-height-default\" data-id=\"45c6586\" data-element_type=\"section\" data-e-type=\"section\">\n\t\t\t\t\t\t<div class=\"elementor-container elementor-column-gap-no\">\n\t\t\t\t\t<div class=\"elementor-column elementor-col-100 elementor-inner-column elementor-element elementor-element-089adfe\" data-id=\"089adfe\" data-element_type=\"column\" data-e-type=\"column\">\n\t\t\t<div class=\"elementor-widget-wrap elementor-element-populated\">\n\t\t\t\t\t\t<div class=\"elementor-element elementor-element-20d50cd elementor-widget elementor-widget-heading\" data-id=\"20d50cd\" data-element_type=\"widget\" data-e-type=\"widget\" data-widget_type=\"heading.default\">\n\t\t\t\t<div class=\"elementor-widget-container\">\n\t\t\t\t\t<h2 class=\"elementor-heading-title elementor-size-default\">FUMEs on inimesed, kes annavad kogemusele t\u00e4henduse.<\/h2>\t\t\t\t<\/div>\n\t\t\t\t<\/div>\n\t\t\t\t<div class=\"elementor-element elementor-element-c3763dd elementor-mobile-align-center elementor-hidden-desktop elementor-hidden-tablet elementor-hidden-mobile elementor-widget elementor-widget-button\" data-id=\"c3763dd\" data-element_type=\"widget\" data-e-type=\"widget\" data-widget_type=\"button.default\">\n\t\t\t\t<div class=\"elementor-widget-container\">\n\t\t\t\t\t\t\t\t\t<div class=\"elementor-button-wrapper\">\n\t\t\t\t\t<a class=\"elementor-button elementor-button-link elementor-size-sm\" href=\"https:\/\/fumeresto.ee\/ruumid\/\">\n\t\t\t\t\t\t<span class=\"elementor-button-content-wrapper\">\n\t\t\t\t\t\t\t\t\t<span class=\"elementor-button-text\">gruppidele<\/span>\n\t\t\t\t\t<\/span>\n\t\t\t\t\t<\/a>\n\t\t\t\t<\/div>\n\t\t\t\t\t\t\t\t<\/div>\n\t\t\t\t<\/div>\n\t\t\t\t\t<\/div>\n\t\t<\/div>\n\t\t\t\t\t<\/div>\n\t\t<\/section>\n\t\t\t\t\t<\/div>\n\t\t<\/div>\n\t\t\t\t\t<\/div>\n\t\t<\/section>\n\t\t\t\t<\/div>\n\t\t","protected":false},"excerpt":{"rendered":"<p>FUME-ravintola sijaitsee Rotermannin korttelissa Golden Gate -rakennuksessa. Rotermannin kortteli on Tallinnan syd\u00e4n, ja ravintolaamme on helppo saapua niin jalan, joukkoliikenteell\u00e4 kuin autollakin. Golden Gate -rakennuksen alla sijaitsee my\u00f6s Europarkin pys\u00e4k\u00f6intihalli, josta on suora p\u00e4\u00e4sy ravintolan ovelle. Tule tervehtim\u00e4\u00e4n ja anna meid\u00e4n huolehtia lopusta FUME ON AVOINNASunnuntai\u2013torstai 12.00\u201323.00Perjantai\u2013lauantai 12.00\u201300.00 fume@fumeresto.ee+372 5558 9880Ahtri 6, 10151 Tallinna VARAA [&hellip;]<\/p>\n","protected":false},"author":3,"featured_media":0,"parent":0,"menu_order":0,"comment_status":"closed","ping_status":"closed","template":"","meta":{"site-sidebar-layout":"no-sidebar","site-content-layout":"page-builder","ast-site-content-layout":"full-width-container","site-content-style":"unboxed","site-sidebar-style":"unboxed","ast-global-header-display":"","ast-banner-title-visibility":"","ast-main-header-display":"","ast-hfb-above-header-display":"","ast-hfb-below-header-display":"","ast-hfb-mobile-header-display":"","site-post-title":"disabled","ast-breadcrumbs-content":"","ast-featured-img":"disabled","footer-sml-layout":"","ast-disable-related-posts":"","theme-transparent-header-meta":"enabled","adv-header-id-meta":"","stick-header-meta":"","header-above-stick-meta":"","header-main-stick-meta":"","header-below-stick-meta":"","astra-migrate-meta-layouts":"default","ast-page-background-enabled":"default","ast-page-background-meta":{"desktop":{"background-color":"var(--ast-global-color-4)","background-image":"","background-repeat":"repeat","background-position":"center center","background-size":"auto","background-attachment":"scroll","background-type":"","background-media":"","overlay-type":"","overlay-color":"","overlay-opacity":"","overlay-gradient":""},"tablet":{"background-color":"","background-image":"","background-repeat":"repeat","background-position":"center center","background-size":"auto","background-attachment":"scroll","background-type":"","background-media":"","overlay-type":"","overlay-color":"","overlay-opacity":"","overlay-gradient":""},"mobile":{"background-color":"","background-image":"","background-repeat":"repeat","background-position":"center center","background-size":"auto","background-attachment":"scroll","background-type":"","background-media":"","overlay-type":"","overlay-color":"","overlay-opacity":"","overlay-gradient":""}},"ast-content-background-meta":{"desktop":{"background-color":"var(--ast-global-color-5)","background-image":"","background-repeat":"repeat","background-position":"center center","background-size":"auto","background-attachment":"scroll","background-type":"","background-media":"","overlay-type":"","overlay-color":"","overlay-opacity":"","overlay-gradient":""},"tablet":{"background-color":"var(--ast-global-color-5)","background-image":"","background-repeat":"repeat","background-position":"center center","background-size":"auto","background-attachment":"scroll","background-type":"","background-media":"","overlay-type":"","overlay-color":"","overlay-opacity":"","overlay-gradient":""},"mobile":{"background-color":"var(--ast-global-color-5)","background-image":"","background-repeat":"repeat","background-position":"center center","background-size":"auto","background-attachment":"scroll","background-type":"","background-media":"","overlay-type":"","overlay-color":"","overlay-opacity":"","overlay-gradient":""}},"footnotes":""},"class_list":["post-3428","page","type-page","status-publish","hentry"],"_links":{"self":[{"href":"https:\/\/fumeresto.ee\/fi\/wp-json\/wp\/v2\/pages\/3428","targetHints":{"allow":["GET"]}}],"collection":[{"href":"https:\/\/fumeresto.ee\/fi\/wp-json\/wp\/v2\/pages"}],"about":[{"href":"https:\/\/fumeresto.ee\/fi\/wp-json\/wp\/v2\/types\/page"}],"author":[{"embeddable":true,"href":"https:\/\/fumeresto.ee\/fi\/wp-json\/wp\/v2\/users\/3"}],"replies":[{"embeddable":true,"href":"https:\/\/fumeresto.ee\/fi\/wp-json\/wp\/v2\/comments?post=3428"}],"version-history":[{"count":2,"href":"https:\/\/fumeresto.ee\/fi\/wp-json\/wp\/v2\/pages\/3428\/revisions"}],"predecessor-version":[{"id":3460,"href":"https:\/\/fumeresto.ee\/fi\/wp-json\/wp\/v2\/pages\/3428\/revisions\/3460"}],"wp:attachment":[{"href":"https:\/\/fumeresto.ee\/fi\/wp-json\/wp\/v2\/media?parent=3428"}],"curies":[{"name":"wp","href":"https:\/\/api.w.org\/{rel}","templated":true}]}}