{"id":3432,"date":"2025-10-22T13:09:45","date_gmt":"2025-10-22T11:09:45","guid":{"rendered":"https:\/\/fumeresto.ee\/kanta-asiakkaat\/"},"modified":"2026-04-21T10:20:53","modified_gmt":"2026-04-21T08:20:53","slug":"kanta-asiakkaat","status":"publish","type":"page","link":"https:\/\/fumeresto.ee\/fi\/kanta-asiakkaat\/","title":{"rendered":"Kanta-asiakkaat"},"content":{"rendered":"\t\t<div data-elementor-type=\"wp-page\" data-elementor-id=\"3432\" class=\"elementor elementor-3432 elementor-2935\">\n\t\t\t\t\t\t<section class=\"elementor-section elementor-top-section elementor-element elementor-element-c413143 elementor-section-full_width elementor-section-height-default elementor-section-height-default\" data-id=\"c413143\" data-element_type=\"section\" data-e-type=\"section\">\n\t\t\t\t\t\t<div class=\"elementor-container elementor-column-gap-no\">\n\t\t\t\t\t<div class=\"elementor-column elementor-col-100 elementor-top-column elementor-element elementor-element-be89dca\" data-id=\"be89dca\" data-element_type=\"column\" data-e-type=\"column\">\n\t\t\t<div class=\"elementor-widget-wrap elementor-element-populated\">\n\t\t\t\t\t\t<section class=\"elementor-section elementor-inner-section elementor-element elementor-element-64788e3 elementor-section-full_width elementor-section-height-default elementor-section-height-default\" data-id=\"64788e3\" data-element_type=\"section\" data-e-type=\"section\">\n\t\t\t\t\t\t<div class=\"elementor-container elementor-column-gap-no\">\n\t\t\t\t\t<div class=\"elementor-column elementor-col-100 elementor-inner-column elementor-element elementor-element-bd3908c\" data-id=\"bd3908c\" data-element_type=\"column\" data-e-type=\"column\">\n\t\t\t<div class=\"elementor-widget-wrap elementor-element-populated\">\n\t\t\t\t\t\t<div class=\"elementor-element elementor-element-aed618e elementor-widget elementor-widget-heading\" data-id=\"aed618e\" data-element_type=\"widget\" data-e-type=\"widget\" data-widget_type=\"heading.default\">\n\t\t\t\t<div class=\"elementor-widget-container\">\n\t\t\t\t\t<h1 class=\"elementor-heading-title elementor-size-default\">Kanta-asiakkuus, joka yhdist\u00e4\u00e4 8 ravintolaa<\/h1>\t\t\t\t<\/div>\n\t\t\t\t<\/div>\n\t\t\t\t<div class=\"elementor-element elementor-element-3678a5f elementor-widget elementor-widget-heading\" data-id=\"3678a5f\" data-element_type=\"widget\" data-e-type=\"widget\" data-widget_type=\"heading.default\">\n\t\t\t\t<div class=\"elementor-widget-container\">\n\t\t\t\t\t<h5 class=\"elementor-heading-title elementor-size-default\">FUME on osa Siigur Restaurant Collectionia - kahdeksan omaleimaisen ravintolan kokonaisuutta, jota yhdist\u00e4\u00e4 intohimo erinomaisiin makuihin ja aitoon vieraanvaraisuuteen. Suosikkivieraamme joukossa astut erityisten makujen, hetkien ja juhlahetkien maailmaan. Juuri sinne, miss\u00e4 el\u00e4m\u00e4 maistuu viel\u00e4kin paremmalta ja illat venyv\u00e4t hieman pidemmiksi.<\/h5>\t\t\t\t<\/div>\n\t\t\t\t<\/div>\n\t\t\t\t<div class=\"elementor-element elementor-element-b11f957 elementor-widget elementor-widget-button\" data-id=\"b11f957\" data-element_type=\"widget\" data-e-type=\"widget\" data-widget_type=\"button.default\">\n\t\t\t\t<div class=\"elementor-widget-container\">\n\t\t\t\t\t\t\t\t\t<div class=\"elementor-button-wrapper\">\n\t\t\t\t\t<a class=\"elementor-button elementor-button-link elementor-size-sm\" href=\"https:\/\/siigur.ee\/en\/loyalty-program\/\" target=\"_blank\" rel=\"noopener\">\n\t\t\t\t\t\t<span class=\"elementor-button-content-wrapper\">\n\t\t\t\t\t\t\t\t\t<span class=\"elementor-button-text\">Liity suosikkivieraidemme joukkoon<\/span>\n\t\t\t\t\t<\/span>\n\t\t\t\t\t<\/a>\n\t\t\t\t<\/div>\n\t\t\t\t\t\t\t\t<\/div>\n\t\t\t\t<\/div>\n\t\t\t\t\t<\/div>\n\t\t<\/div>\n\t\t\t\t\t<\/div>\n\t\t<\/section>\n\t\t\t\t<section class=\"elementor-section elementor-inner-section elementor-element elementor-element-34ac8e2 elementor-section-full_width elementor-reverse-mobile elementor-section-height-default elementor-section-height-default\" data-id=\"34ac8e2\" data-element_type=\"section\" data-e-type=\"section\">\n\t\t\t\t\t\t<div class=\"elementor-container elementor-column-gap-no\">\n\t\t\t\t\t<div class=\"elementor-column elementor-col-50 elementor-inner-column elementor-element elementor-element-6e92a77\" data-id=\"6e92a77\" data-element_type=\"column\" data-e-type=\"column\">\n\t\t\t<div class=\"elementor-widget-wrap elementor-element-populated\">\n\t\t\t\t\t\t<div class=\"elementor-element elementor-element-be7f6fc elementor-widget elementor-widget-heading\" data-id=\"be7f6fc\" data-element_type=\"widget\" data-e-type=\"widget\" data-widget_type=\"heading.default\">\n\t\t\t\t<div class=\"elementor-widget-container\">\n\t\t\t\t\t<h3 class=\"elementor-heading-title elementor-size-default\">Miten kanta-asiakkuus toimii?<\/h3>\t\t\t\t<\/div>\n\t\t\t\t<\/div>\n\t\t\t\t<div class=\"elementor-element elementor-element-bf96b00 elementor-widget elementor-widget-text-editor\" data-id=\"bf96b00\" data-element_type=\"widget\" data-e-type=\"widget\" data-widget_type=\"text-editor.default\">\n\t\t\t\t<div class=\"elementor-widget-container\">\n\t\t\t\t\t\t\t\t\t<p data-start=\"108\" data-end=\"388\">Jokainen k\u00e4ynti kerrytt\u00e4\u00e4 5 % takaisin digitaaliselle kortillesi, ja voit hy\u00f6dynt\u00e4\u00e4 sen seuraavilla vierailuillasi ravintoloissamme paikan p\u00e4\u00e4ll\u00e4. Kertyneen summan n\u00e4et k\u00e4tev\u00e4sti puhelimesi Walletissa. Saat my\u00f6s ensimm\u00e4isten joukossa tiedon erikoisillallisista ja uusista mauista.<\/p><br><p data-start=\"390\" data-end=\"448\">Kanta-asiakkuus ei koske lahjakorttien ostoa eik\u00e4 k\u00e4ytt\u00f6\u00e4.<\/p>\t\t\t\t\t\t\t\t<\/div>\n\t\t\t\t<\/div>\n\t\t\t\t\t<\/div>\n\t\t<\/div>\n\t\t\t\t<div class=\"elementor-column elementor-col-50 elementor-inner-column elementor-element elementor-element-f371090\" data-id=\"f371090\" data-element_type=\"column\" data-e-type=\"column\">\n\t\t\t<div class=\"elementor-widget-wrap elementor-element-populated\">\n\t\t\t\t\t\t<div class=\"elementor-element elementor-element-41ce34f elementor-widget elementor-widget-image\" data-id=\"41ce34f\" data-element_type=\"widget\" data-e-type=\"widget\" data-widget_type=\"image.default\">\n\t\t\t\t<div class=\"elementor-widget-container\">\n\t\t\t\t\t\t\t\t\t\t\t\t\t\t\t<img fetchpriority=\"high\" decoding=\"async\" width=\"2048\" height=\"1365\" src=\"https:\/\/fumeresto.ee\/wp-content\/uploads\/2025\/10\/FUME-restoran-Rotermann-Tallinn-33.jpg\" class=\"attachment-full size-full wp-image-3433\" alt=\"\" srcset=\"https:\/\/fumeresto.ee\/wp-content\/uploads\/2025\/10\/FUME-restoran-Rotermann-Tallinn-33.jpg 2048w, https:\/\/fumeresto.ee\/wp-content\/uploads\/2025\/10\/FUME-restoran-Rotermann-Tallinn-33-300x200.jpg 300w, https:\/\/fumeresto.ee\/wp-content\/uploads\/2025\/10\/FUME-restoran-Rotermann-Tallinn-33-1024x683.jpg 1024w, https:\/\/fumeresto.ee\/wp-content\/uploads\/2025\/10\/FUME-restoran-Rotermann-Tallinn-33-768x512.jpg 768w, https:\/\/fumeresto.ee\/wp-content\/uploads\/2025\/10\/FUME-restoran-Rotermann-Tallinn-33-1536x1024.jpg 1536w\" sizes=\"(max-width: 2048px) 100vw, 2048px\" \/>\t\t\t\t\t\t\t\t\t\t\t\t\t\t\t<\/div>\n\t\t\t\t<\/div>\n\t\t\t\t\t<\/div>\n\t\t<\/div>\n\t\t\t\t\t<\/div>\n\t\t<\/section>\n\t\t\t\t<section class=\"elementor-section elementor-inner-section elementor-element elementor-element-a1fa106 elementor-section-full_width elementor-reverse-mobile elementor-section-height-default elementor-section-height-default\" data-id=\"a1fa106\" data-element_type=\"section\" data-e-type=\"section\">\n\t\t\t\t\t\t<div class=\"elementor-container elementor-column-gap-no\">\n\t\t\t\t\t<div class=\"elementor-column elementor-col-50 elementor-inner-column elementor-element elementor-element-0ac8059\" data-id=\"0ac8059\" data-element_type=\"column\" data-e-type=\"column\">\n\t\t\t<div class=\"elementor-widget-wrap elementor-element-populated\">\n\t\t\t\t\t\t<div class=\"elementor-element elementor-element-12d07ef elementor-widget elementor-widget-image\" data-id=\"12d07ef\" data-element_type=\"widget\" data-e-type=\"widget\" data-widget_type=\"image.default\">\n\t\t\t\t<div class=\"elementor-widget-container\">\n\t\t\t\t\t\t\t\t\t\t\t\t\t\t\t<img decoding=\"async\" width=\"2048\" height=\"1365\" src=\"https:\/\/fumeresto.ee\/wp-content\/uploads\/2025\/10\/FUME-restoran-Rotermann-Tallinn-37.jpg\" class=\"attachment-full size-full wp-image-3434\" alt=\"\" srcset=\"https:\/\/fumeresto.ee\/wp-content\/uploads\/2025\/10\/FUME-restoran-Rotermann-Tallinn-37.jpg 2048w, https:\/\/fumeresto.ee\/wp-content\/uploads\/2025\/10\/FUME-restoran-Rotermann-Tallinn-37-300x200.jpg 300w, https:\/\/fumeresto.ee\/wp-content\/uploads\/2025\/10\/FUME-restoran-Rotermann-Tallinn-37-1024x683.jpg 1024w, https:\/\/fumeresto.ee\/wp-content\/uploads\/2025\/10\/FUME-restoran-Rotermann-Tallinn-37-768x512.jpg 768w, https:\/\/fumeresto.ee\/wp-content\/uploads\/2025\/10\/FUME-restoran-Rotermann-Tallinn-37-1536x1024.jpg 1536w\" sizes=\"(max-width: 2048px) 100vw, 2048px\" \/>\t\t\t\t\t\t\t\t\t\t\t\t\t\t\t<\/div>\n\t\t\t\t<\/div>\n\t\t\t\t\t<\/div>\n\t\t<\/div>\n\t\t\t\t<div class=\"elementor-column elementor-col-50 elementor-inner-column elementor-element elementor-element-3aa31c0\" data-id=\"3aa31c0\" data-element_type=\"column\" data-e-type=\"column\">\n\t\t\t<div class=\"elementor-widget-wrap elementor-element-populated\">\n\t\t\t\t\t\t<div class=\"elementor-element elementor-element-a1f7fc7 elementor-widget elementor-widget-heading\" data-id=\"a1f7fc7\" data-element_type=\"widget\" data-e-type=\"widget\" data-widget_type=\"heading.default\">\n\t\t\t\t<div class=\"elementor-widget-container\">\n\t\t\t\t\t<h3 class=\"elementor-heading-title elementor-size-default\">Liittyminen on helppoa<\/h3>\t\t\t\t<\/div>\n\t\t\t\t<\/div>\n\t\t\t\t<div class=\"elementor-element elementor-element-79dbd18 elementor-widget elementor-widget-text-editor\" data-id=\"79dbd18\" data-element_type=\"widget\" data-e-type=\"widget\" data-widget_type=\"text-editor.default\">\n\t\t\t\t<div class=\"elementor-widget-container\">\n\t\t\t\t\t\t\t\t\t<p data-start=\"483\" data-end=\"743\">T\u00e4yt\u00e4 lomake osoitteessa <a class=\"decorated-link\" href=\"https:\/\/siigur.ee\/en\/loyalty-program\/\" target=\"_blank\" rel=\"noopener\" data-start=\"508\" data-end=\"521\">www.siigur.ee<\/a>. L\u00e4het\u00e4mme sinulle digitaalisen kanta-asiakaskortin, jonka voit ladata puhelimesi Walletiin. N\u00e4yt\u00e4 kortti ravintolassa maksaessasi, niin 5 % lis\u00e4t\u00e4\u00e4n tilillesi. Kertynyt etu on henkil\u00f6kohtainen ja sidottu omaan korttiisi.<\/p>\n<p><\/p>\n<p data-start=\"745\" data-end=\"899\">Yksi digitaalinen kanta-asiakaskortti, joka k\u00e4y kaikissa ravintoloissamme:\u00a0<strong><a href=\"https:\/\/www.noaresto.ee\/fi\/\" target=\"_blank\" rel=\"noopener\">NOA<\/a><\/strong>, <strong><a href=\"https:\/\/nch.ee\/fi\/\" target=\"_blank\" rel=\"noopener\">NOA Chef\u2019s Hall<\/a><\/strong>, <strong><a href=\"https:\/\/tuljak.ee\/fi\/\" target=\"_blank\" rel=\"noopener\">Tuljak<\/a><\/strong>, <strong><a href=\"https:\/\/pajuvilla.ee\/fi\/\" target=\"_blank\" rel=\"noopener\">Paju Villa<\/a><\/strong>, <strong><a href=\"https:\/\/okoresto.ee\/fi\/\" target=\"_blank\" rel=\"noopener\">OKO<\/a><\/strong>, <strong><a href=\"https:\/\/fumeresto.ee\/fi\/\" target=\"_blank\" rel=\"noopener\">FUME<\/a><\/strong>, <strong><a href=\"https:\/\/tokoresto.ee\/fi\/\" target=\"_blank\" rel=\"noopener\">TOKO<\/a><\/strong>\u00a0ja <strong><a href=\"https:\/\/kuursaal.ee\/fi\/\" target=\"_blank\" rel=\"noopener\">Haapsalu Kuursaal<\/a><\/strong>.<\/p>\n\t\t\t\t\t\t\t\t<\/div>\n\t\t\t\t<\/div>\n\t\t\t\t<div class=\"elementor-element elementor-element-c931ff5 elementor-widget elementor-widget-button\" data-id=\"c931ff5\" data-element_type=\"widget\" data-e-type=\"widget\" data-widget_type=\"button.default\">\n\t\t\t\t<div class=\"elementor-widget-container\">\n\t\t\t\t\t\t\t\t\t<div class=\"elementor-button-wrapper\">\n\t\t\t\t\t<a class=\"elementor-button elementor-button-link elementor-size-sm\" href=\"https:\/\/siigur.ee\/en\/loyalty-program\/\" target=\"_blank\" rel=\"noopener\">\n\t\t\t\t\t\t<span class=\"elementor-button-content-wrapper\">\n\t\t\t\t\t\t\t\t\t<span class=\"elementor-button-text\">LIITY SUOSIKKIVIERAIDEMME JOUKKOON<\/span>\n\t\t\t\t\t<\/span>\n\t\t\t\t\t<\/a>\n\t\t\t\t<\/div>\n\t\t\t\t\t\t\t\t<\/div>\n\t\t\t\t<\/div>\n\t\t\t\t\t<\/div>\n\t\t<\/div>\n\t\t\t\t\t<\/div>\n\t\t<\/section>\n\t\t\t\t<section class=\"elementor-section elementor-inner-section elementor-element elementor-element-e19b1a8 elementor-section-full_width elementor-section-height-default elementor-section-height-default\" data-id=\"e19b1a8\" data-element_type=\"section\" data-e-type=\"section\">\n\t\t\t\t\t\t<div class=\"elementor-container elementor-column-gap-no\">\n\t\t\t\t\t<div class=\"elementor-column elementor-col-100 elementor-inner-column elementor-element elementor-element-be77a95\" data-id=\"be77a95\" data-element_type=\"column\" data-e-type=\"column\">\n\t\t\t<div class=\"elementor-widget-wrap elementor-element-populated\">\n\t\t\t\t\t\t<div class=\"elementor-element elementor-element-4215e97 elementor-widget elementor-widget-heading\" data-id=\"4215e97\" data-element_type=\"widget\" data-e-type=\"widget\" data-widget_type=\"heading.default\">\n\t\t\t\t<div class=\"elementor-widget-container\">\n\t\t\t\t\t<h2 class=\"elementor-heading-title elementor-size-default\">FUMEen on aina syy palata.<\/h2>\t\t\t\t<\/div>\n\t\t\t\t<\/div>\n\t\t\t\t\t<\/div>\n\t\t<\/div>\n\t\t\t\t\t<\/div>\n\t\t<\/section>\n\t\t\t\t\t<\/div>\n\t\t<\/div>\n\t\t\t\t\t<\/div>\n\t\t<\/section>\n\t\t\t\t<\/div>\n\t\t","protected":false},"excerpt":{"rendered":"<p>Kanta-asiakkuus, joka yhdist\u00e4\u00e4 8 ravintolaa FUME on osa Siigur Restaurant Collectionia &#8211; kahdeksan omaleimaisen ravintolan kokonaisuutta, jota yhdist\u00e4\u00e4 intohimo erinomaisiin makuihin ja aitoon vieraanvaraisuuteen. Suosikkivieraamme joukossa astut erityisten makujen, hetkien ja juhlahetkien maailmaan. Juuri sinne, miss\u00e4 el\u00e4m\u00e4 maistuu viel\u00e4kin paremmalta ja illat venyv\u00e4t hieman pidemmiksi. Liity suosikkivieraidemme joukkoon Miten kanta-asiakkuus toimii? Jokainen k\u00e4ynti kerrytt\u00e4\u00e4 5 [&hellip;]<\/p>\n","protected":false},"author":3,"featured_media":0,"parent":0,"menu_order":0,"comment_status":"closed","ping_status":"closed","template":"","meta":{"site-sidebar-layout":"no-sidebar","site-content-layout":"page-builder","ast-site-content-layout":"full-width-container","site-content-style":"unboxed","site-sidebar-style":"unboxed","ast-global-header-display":"","ast-banner-title-visibility":"","ast-main-header-display":"","ast-hfb-above-header-display":"","ast-hfb-below-header-display":"","ast-hfb-mobile-header-display":"","site-post-title":"disabled","ast-breadcrumbs-content":"","ast-featured-img":"disabled","footer-sml-layout":"","ast-disable-related-posts":"","theme-transparent-header-meta":"enabled","adv-header-id-meta":"","stick-header-meta":"","header-above-stick-meta":"","header-main-stick-meta":"","header-below-stick-meta":"","astra-migrate-meta-layouts":"default","ast-page-background-enabled":"default","ast-page-background-meta":{"desktop":{"background-color":"var(--ast-global-color-4)","background-image":"","background-repeat":"repeat","background-position":"center center","background-size":"auto","background-attachment":"scroll","background-type":"","background-media":"","overlay-type":"","overlay-color":"","overlay-opacity":"","overlay-gradient":""},"tablet":{"background-color":"","background-image":"","background-repeat":"repeat","background-position":"center center","background-size":"auto","background-attachment":"scroll","background-type":"","background-media":"","overlay-type":"","overlay-color":"","overlay-opacity":"","overlay-gradient":""},"mobile":{"background-color":"","background-image":"","background-repeat":"repeat","background-position":"center center","background-size":"auto","background-attachment":"scroll","background-type":"","background-media":"","overlay-type":"","overlay-color":"","overlay-opacity":"","overlay-gradient":""}},"ast-content-background-meta":{"desktop":{"background-color":"var(--ast-global-color-5)","background-image":"","background-repeat":"repeat","background-position":"center center","background-size":"auto","background-attachment":"scroll","background-type":"","background-media":"","overlay-type":"","overlay-color":"","overlay-opacity":"","overlay-gradient":""},"tablet":{"background-color":"var(--ast-global-color-5)","background-image":"","background-repeat":"repeat","background-position":"center center","background-size":"auto","background-attachment":"scroll","background-type":"","background-media":"","overlay-type":"","overlay-color":"","overlay-opacity":"","overlay-gradient":""},"mobile":{"background-color":"var(--ast-global-color-5)","background-image":"","background-repeat":"repeat","background-position":"center center","background-size":"auto","background-attachment":"scroll","background-type":"","background-media":"","overlay-type":"","overlay-color":"","overlay-opacity":"","overlay-gradient":""}},"footnotes":""},"class_list":["post-3432","page","type-page","status-publish","hentry"],"_links":{"self":[{"href":"https:\/\/fumeresto.ee\/fi\/wp-json\/wp\/v2\/pages\/3432","targetHints":{"allow":["GET"]}}],"collection":[{"href":"https:\/\/fumeresto.ee\/fi\/wp-json\/wp\/v2\/pages"}],"about":[{"href":"https:\/\/fumeresto.ee\/fi\/wp-json\/wp\/v2\/types\/page"}],"author":[{"embeddable":true,"href":"https:\/\/fumeresto.ee\/fi\/wp-json\/wp\/v2\/users\/3"}],"replies":[{"embeddable":true,"href":"https:\/\/fumeresto.ee\/fi\/wp-json\/wp\/v2\/comments?post=3432"}],"version-history":[{"count":3,"href":"https:\/\/fumeresto.ee\/fi\/wp-json\/wp\/v2\/pages\/3432\/revisions"}],"predecessor-version":[{"id":3472,"href":"https:\/\/fumeresto.ee\/fi\/wp-json\/wp\/v2\/pages\/3432\/revisions\/3472"}],"wp:attachment":[{"href":"https:\/\/fumeresto.ee\/fi\/wp-json\/wp\/v2\/media?parent=3432"}],"curies":[{"name":"wp","href":"https:\/\/api.w.org\/{rel}","templated":true}]}}